{"id":3,"date":"2024-07-24T14:55:26","date_gmt":"2024-07-24T14:55:26","guid":{"rendered":"http:\/\/alperp.co.uk\/?page_id=3"},"modified":"2024-12-05T14:54:22","modified_gmt":"2024-12-05T14:54:22","slug":"privacy-policy","status":"publish","type":"page","link":"https:\/\/alperp.co.uk\/it\/privacy-policy\/","title":{"rendered":"Informativa sulla privacy"},"content":{"rendered":"<div data-elementor-type=\"wp-page\" data-elementor-id=\"3\" class=\"elementor elementor-3\">\n\t\t\t\t<div class=\"elementor-element elementor-element-3bc02b9 e-flex e-con-boxed e-con e-parent\" data-id=\"3bc02b9\" data-element_type=\"container\">\n\t\t\t\t\t<div class=\"e-con-inner\">\n\t\t<div class=\"elementor-element elementor-element-0473e20 e-con-full e-flex e-con e-child\" data-id=\"0473e20\" data-element_type=\"container\" data-settings=\"{&quot;background_background&quot;:&quot;gradient&quot;}\">\n\t\t\t\t<div class=\"elementor-element elementor-element-485ff1f elementor-widget elementor-widget-heading\" data-id=\"485ff1f\" data-element_type=\"widget\" data-widget_type=\"heading.default\">\n\t\t\t\t<div class=\"elementor-widget-container\">\n\t\t\t<h2 class=\"elementor-heading-title elementor-size-default\">Informativa sulla privacy\n\n<\/h2>\t\t<\/div>\n\t\t\t\t<\/div>\n\t\t\t\t<div class=\"elementor-element elementor-element-85d595f elementor-widget elementor-widget-text-editor\" data-id=\"85d595f\" data-element_type=\"widget\" data-widget_type=\"text-editor.default\">\n\t\t\t\t<div class=\"elementor-widget-container\">\n\t\t\t\t\t\t\t<p><strong>Ultimo aggiornamento il: 02.10.2024<\/strong><\/p><p>Per noi \u00e8 molto importante garantire la trasparenza del trattamento dei dati personali. La presente informativa sulla privacy fornisce informazioni su quali dati personali raccogliamo, per quale scopo e a chi li divulghiamo. Per mantenere un elevato livello di trasparenza, la presente informativa sulla privacy viene regolarmente rivista e aggiornata.<\/p><p><strong>1. I servizi che utilizziamo<\/strong><\/p><ul><li>Google Analytics<\/li><li>Google My Business<\/li><li>WhatsApp Business Chat<\/li><li>WordPress<\/li><li>Servizi Web di Amazon<\/li><li>Base di fuoco<\/li><\/ul><p><strong>2.Informazioni di contatto<\/strong><\/p><p>Se avete domande o dubbi sulla protezione dei vostri dati, potete contattarci in qualsiasi momento via e-mail. Il responsabile del trattamento dei dati effettuato attraverso questo sito web \u00e8:<\/p><p><strong>AlpErp<\/strong><br \/>32-33 Upper Street,<br \/>Londra, Inghilterra,<br \/>N1 0PN<\/p><p><strong>Responsabile della protezione dei dati:<\/strong><\/p><p><strong>3. Principi generali<\/strong><\/p><p><strong>3.1 Quali dati raccogliamo da voi e da chi li riceviamo?<\/strong><\/p><p>In primo luogo, trattiamo i dati personali che ci fornite o che raccogliamo durante la gestione del nostro sito web. In alcune circostanze, possiamo anche ricevere dati personali su di voi da terze parti. Possono essere incluse le seguenti categorie di dati:<\/p><ul><li>Dati personali (nome, indirizzo, data di nascita, ecc.);<\/li><li>Dati di contatto (numero di cellulare, indirizzo e-mail, ecc.);<\/li><li>Dati finanziari (ad esempio, informazioni sul conto);<\/li><li>Identificatori online (ad esempio, ID dei cookie, indirizzi IP);<\/li><li>Dati sulla posizione e sul traffico;<\/li><li>Registrazioni audio e video;<\/li><li>Dati particolarmente sensibili (ad esempio, dati biometrici o informazioni sulla salute).<\/li><\/ul><p><strong>3.2 A quali condizioni trattiamo i vostri dati?<\/strong><\/p><p>Trattiamo i vostri dati in modo confidenziale e in conformit\u00e0 agli scopi indicati nella presente informativa sulla privacy. Garantiamo un trattamento trasparente e proporzionato.<\/p><p>Se, in casi eccezionali, non siamo in grado di seguire questi principi, il trattamento dei dati pu\u00f2 comunque essere lecito se esiste una giustificazione. La giustificazione pu\u00f2 includere:<\/p><ul><li>Il vostro consenso;<\/li><li>L'esecuzione di un contratto o di misure precontrattuali;<\/li><li>I nostri legittimi interessi, a condizione che i vostri interessi non prevalgano sui nostri.<\/li><\/ul><p><strong>3.3 Come si pu\u00f2 revocare il consenso?<\/strong><\/p><p>Se ci avete dato il consenso al trattamento dei vostri dati personali per finalit\u00e0 specifiche, tratteremo i vostri dati nell'ambito di tale consenso, a condizione di non avere un'altra giustificazione.<\/p><p>\u00c8 possibile revocare il proprio consenso in qualsiasi momento inviando un'e-mail all'indirizzo indicato nella nota legale (Impressum). Il trattamento dei dati gi\u00e0 avvenuto non sar\u00e0 influenzato dalla revoca.<\/p><p><strong>3.4 In quali casi possiamo condividere i vostri dati con terzi?<\/strong><\/p><p><strong>a.<\/strong>\u00a0<strong>Principio<\/strong><br \/>Per la fornitura dei servizi potremmo affidarci a terzi o a societ\u00e0 affiliate e potremmo doverli incaricare di trattare i vostri dati (i cosiddetti responsabili del trattamento). Le categorie di destinatari comprendono:<\/p><ul><li>Societ\u00e0 di contabilit\u00e0, fiduciarie e di revisione;<\/li><li>Societ\u00e0 di consulenza (consulenza legale, fiscale, ecc.);<\/li><li>Fornitori di servizi IT (web hosting, assistenza, servizi cloud, progettazione di siti web, ecc;)<\/li><li>Fornitori di servizi di pagamento;<\/li><li>Fornisce servizi di tracciamento, conversione e pubblicit\u00e0.<\/li><\/ul><p>Ci assicuriamo che queste terze parti e le nostre societ\u00e0 affiliate soddisfino i requisiti di protezione dei dati e trattino i vostri dati personali in modo confidenziale.<\/p><p>In determinate circostanze, potremmo anche essere tenuti a divulgare i vostri dati personali alle autorit\u00e0.<\/p><p><strong>b. Visitando i nostri canali di social media<\/strong><br \/>\u00c8 possibile che sul nostro sito web siano incorporati dei link ai nostri canali di social media. Ci\u00f2 \u00e8 visibile all'utente (in genere attraverso le rispettive icone). Facendo clic su queste icone, sarete reindirizzati ai nostri canali di social media.<\/p><p>In questo caso, i fornitori di social media sapranno che l'utente accede alla loro piattaforma dal nostro sito web. I fornitori di social media possono utilizzare i dati cos\u00ec raccolti per i loro scopi. Desideriamo sottolineare che non siamo a conoscenza del contenuto dei dati trasmessi n\u00e9 del loro utilizzo da parte degli operatori.<\/p><p><strong>c. Trasferimento all'estero<\/strong><br \/>Nel corso dell'elaborazione, i vostri dati personali possono essere trasferiti a societ\u00e0 all'estero. Queste societ\u00e0 sono soggette al nostro stesso livello di protezione dei dati. Il trasferimento pu\u00f2 avvenire in tutto il mondo.<\/p><p>Se il livello di protezione dei dati non corrisponde a quello svizzero, effettuiamo una valutazione preventiva del rischio e ci assicuriamo contrattualmente che sia garantita la stessa protezione della Svizzera (ad esempio, attraverso le nuove clausole contrattuali standard della Commissione UE o altre misure previste dalla legge). Se la nostra valutazione del rischio \u00e8 negativa, adottiamo misure tecniche aggiuntive per proteggere i vostri dati. \u00c8 possibile accedere alle clausole contrattuali standard della Commissione UE al seguente link:<br \/><a href=\"https:\/\/commission.europa.eu\/publications\/standard-contractual-clauses-controllers-and-processors-eueea_de\" target=\"_new\" rel=\"noopener\">https:\/\/commission.europa.eu\/publications\/standard-contractual-clauses-controllers-and-processors-eueea_de<\/a><\/p><p><strong>3.5 Per quanto tempo conserviamo i vostri dati?<\/strong><br \/>Conserviamo i dati personali solo per il tempo necessario a soddisfare gli scopi individuali per cui sono stati raccolti.<\/p><p>I dati che memorizziamo durante la visita al nostro sito web vengono conservati per dodici mesi. Fanno eccezione i dati di analisi e tracciamento, che possono essere conservati per un periodo pi\u00f9 lungo.<\/p><p>Conserviamo i dati contrattuali per un periodo pi\u00f9 lungo in quanto siamo obbligati per legge a farlo. In particolare, dobbiamo conservare le comunicazioni commerciali, i contratti firmati e i documenti contabili per un massimo di 10 anni. Se non abbiamo pi\u00f9 bisogno di tali dati per la fornitura dei nostri servizi, i dati saranno bloccati e utilizzati solo per scopi contabili e fiscali.<\/p><p><strong>3.6 Come proteggiamo i vostri dati?<\/strong><br \/>Conserveremo i vostri dati in modo sicuro e adotteremo tutte le misure ragionevoli per proteggerli da perdita, accesso, uso improprio o alterazione.<\/p><p>I nostri partner contrattuali e i dipendenti che hanno accesso ai vostri dati sono tenuti a rispettare le norme sulla protezione dei dati. In alcuni casi, potrebbe essere necessario inoltrare le vostre richieste a societ\u00e0 a noi collegate. Anche in questi casi, i vostri dati saranno trattati in modo confidenziale.<\/p><p>Sul nostro sito web utilizziamo il protocollo SSL (Secure Socket Layer) insieme al pi\u00f9 alto livello di crittografia supportato dal vostro browser.<\/p><p><strong>3.7 Quali diritti avete?<\/strong><\/p><p><strong>a. Diritto all'informazione<\/strong><br \/>Potete richiedere in qualsiasi momento informazioni sui dati che abbiamo memorizzato su di voi. Vi chiediamo di inviare la vostra richiesta di informazioni insieme a un documento di identit\u00e0 a\u00a0<a rel=\"noopener\">info@alperp.ch<\/a>.<\/p><p>Avete anche il diritto di ricevere i vostri dati in un formato di file comunemente utilizzato se i vostri dati vengono elaborati automaticamente e se:<\/p><ul><li>Avete dato il vostro consenso al trattamento di questi dati; oppure<\/li><li>Avete comunicato i dati in relazione alla conclusione o all'esecuzione di un contratto.<\/li><\/ul><p>Possiamo limitare o negare il rilascio di informazioni o dati se ci\u00f2 \u00e8 in conflitto con i nostri obblighi legali, i nostri interessi legittimi, gli interessi pubblici o gli interessi di una terza parte.<\/p><p>L'elaborazione della vostra richiesta \u00e8 soggetta a un periodo di elaborazione legale di 30 giorni. Tuttavia, questo periodo pu\u00f2 essere prorogato a causa di un elevato volume di richieste, per motivi legali o tecnici, o perch\u00e9 abbiamo bisogno di informazioni pi\u00f9 specifiche da parte vostra. L'estensione del termine vi sar\u00e0 comunicata a tempo debito, almeno in forma scritta.<\/p><p><strong>b. Cancellazione e correzione<\/strong><br \/>Avete il diritto di richiedere la cancellazione o la correzione dei vostri dati in qualsiasi momento. Potremmo respingere la richiesta se le norme di legge ci impongono di conservare i dati per un periodo pi\u00f9 lungo o invariato o se esiste una base giuridica che si oppone alla vostra richiesta.<\/p><p>Si prega di notare che l'esercizio dei propri diritti pu\u00f2 entrare in conflitto con gli accordi contrattuali e avere effetti corrispondenti sull'esecuzione del contratto (ad esempio, risoluzione anticipata del contratto o conseguenze finanziarie).<\/p><p><strong>c. Rimedi legali<\/strong><br \/>Se siete interessati dal trattamento dei dati personali, avete il diritto di far valere i vostri diritti in tribunale o di presentare un reclamo all'autorit\u00e0 di controllo competente. L'autorit\u00e0 di controllo competente in Svizzera \u00e8 l'Incaricato federale della protezione dei dati e delle informazioni:<br \/><a href=\"https:\/\/www.edoeb.admin.ch\/\" target=\"_new\" rel=\"noopener\">https:\/\/www.edoeb.admin.ch<\/a><\/p><p><strong>3.8 Modifiche all'informativa sulla privacy<\/strong><br \/>La presente informativa sulla privacy pu\u00f2 essere modificata in qualsiasi momento. Le modifiche saranno pubblicate su alperp.ch e non vi saranno notificate separatamente.<\/p><p><strong>4. Singole operazioni di trattamento dei dati<\/strong><\/p><p><strong>4.1 Fornitura del sito web e creazione di file di log<\/strong><br \/>Quali informazioni riceviamo e come le utilizziamo?<br \/>Quando visitate il sito alperp.ch, alcuni dati vengono memorizzati automaticamente sui nostri server o sui server dei servizi e dei prodotti da noi utilizzati e\/o installati a fini di amministrazione del sistema, statistica, sicurezza o tracciamento. Questi dati comprendono:<\/p><ul><li>Il nome del vostro provider di servizi Internet;<\/li><li>Il vostro indirizzo IP (in alcuni casi);<\/li><li>La versione del software del browser;<\/li><li>Il sistema operativo del computer utilizzato per accedere all'URL;<\/li><li>La data e l'ora di accesso;<\/li><li>Il sito web da cui si visita l'URL;<\/li><li>Le parole chiave utilizzate per trovare l'URL.<\/li><\/ul><p><strong>Perch\u00e9 siamo autorizzati a trattare questi dati?<\/strong><br \/>Questi dati non possono essere assegnati a una persona specifica e non vengono uniti ad altre fonti di dati. La memorizzazione dei file di log viene effettuata per garantire la funzionalit\u00e0 del sito web e per mantenere la sicurezza dei nostri sistemi informatici. Questo \u00e8 il nostro legittimo interesse.<\/p><p><strong>Come si pu\u00f2 impedire la raccolta dei dati?<\/strong><br \/>I dati vengono conservati solo per il tempo necessario a raggiungere lo scopo per cui sono stati raccolti. Di conseguenza, i dati vengono cancellati dopo ogni sessione. La memorizzazione dei file di log \u00e8 essenziale per il funzionamento del sito web; pertanto, l'utente non ha la possibilit\u00e0 di opporsi.<\/p><p><strong>4.2 Google Analytics<\/strong><br \/>Sul nostro sito web utilizziamo Google Analytics, un servizio di analisi web di Google LLC (1600 Amphitheatre Parkway, Mountain View, CA 94043, USA; \"Google\"). Google Analytics utilizza dei \"cookie\", file di testo che vengono memorizzati sul vostro computer per analizzare come utilizzate il sito web.<\/p><p>Le informazioni generate dal cookie sull'utilizzo di questo sito web da parte dell'utente vengono solitamente trasmesse a un server di Google negli Stati Uniti e l\u00ec memorizzate. Se su questo sito web \u00e8 attivata l'anonimizzazione IP, il vostro indirizzo IP viene abbreviato da Google all'interno degli Stati membri dell'Unione Europea o in altri Stati contraenti dell'Accordo sullo Spazio Economico Europeo. Solo in casi eccezionali l'indirizzo IP completo viene trasmesso a un server di Google negli Stati Uniti e l\u00ec abbreviato.<\/p><p>Per conto del gestore di questo sito web, Google utilizzer\u00e0 queste informazioni per valutare l'utilizzo del sito web da parte degli utenti, per compilare rapporti sulle attivit\u00e0 del sito web e per fornire altri servizi relativi all'utilizzo del sito web e di Internet al gestore del sito web.<\/p><p>L'indirizzo IP trasmesso dal vostro browser nell'ambito di Google Analytics non viene unito ad altri dati di Google.<\/p><p>\u00c8 possibile impedire la memorizzazione dei cookie modificando il software del browser; tuttavia, si noti che in tal caso potrebbe non essere possibile utilizzare tutte le funzionalit\u00e0 di questo sito web. Potete inoltre impedire la raccolta dei dati generati dal cookie e relativi al vostro utilizzo del sito web (compreso il vostro indirizzo IP) da parte di Google e l'elaborazione di questi dati da parte di Google scaricando e installando il plugin del browser disponibile al seguente link:\u00a0<a href=\"https:\/\/tools.google.com\/dlpage\/gaoptout\" target=\"_new\" rel=\"noopener\">https:\/\/tools.google.com\/dlpage\/gaoptout<\/a>.<\/p><p><strong>4.3 Google My Business<\/strong><br \/>Sul nostro sito web utilizziamo funzioni di Google My Business, un servizio di Google LLC (1600 Amphitheatre Parkway, Mountain View, CA 94043, USA; \"Google\"). Google My Business consente alle aziende di gestire la propria presenza su Google, compresi Google Search e Google Maps, e di interagire con i clienti.<\/p><p>Visitando il nostro sito web o interagendo con il nostro annuncio Google My Business, ad esempio lasciando recensioni o ponendo domande, i dati, in particolare il vostro indirizzo IP e il contenuto delle vostre interazioni, vengono trasmessi a Google e memorizzati sui server di Google. Questi server possono trovarsi negli Stati Uniti o in altri Paesi.<\/p><p>Google utilizza queste informazioni per fornire i servizi di Google My Business, per facilitare le interazioni degli utenti con le aziende e per fornirci rapporti e analisi sulle interazioni e sulle prestazioni del nostro annuncio aziendale.<\/p><p><strong>4.4 Chat aziendali di WhatsApp<\/strong><br \/>Vi offriamo la possibilit\u00e0 di comunicare con noi direttamente tramite \"WhatsApp Business Chat\". Questo servizio \u00e8 fornito da WhatsApp Ireland Limited, 4 Grand Canal Square, Grand Canal Harbour, Dublino 2, Irlanda, una filiale di Meta Inc. 1601 Willow Road, Menlo Park, CA 94025, USA.<\/p><p>Quando ci contattate tramite la Business Chat di WhatsApp, il vostro numero di cellulare, il contenuto del vostro messaggio e qualsiasi altro dato da voi fornito saranno trasmessi e trattati da WhatsApp. Noi riceviamo questi dati e li utilizziamo per rispondere alla vostra richiesta.<\/p><p>WhatsApp utilizza cookie e altre tecnologie per fornire il servizio e consentire la comunicazione, il che pu\u00f2 comportare la raccolta e la memorizzazione del vostro indirizzo IP.<\/p><p>Si prega di notare che l'utilizzo di WhatsApp Business Chat e la comunicazione tramite questo servizio sono soggetti alle norme sulla privacy di WhatsApp. Si consiglia di leggere tali norme prima di utilizzare il servizio.<\/p><p><strong>4,5 WordPress<\/strong><br \/>Il nostro sito web \u00e8 basato sulla piattaforma WordPress, un sistema di gestione dei contenuti sviluppato da Automattic Inc., 60 29th Street #343, San Francisco, CA 94110, USA. WordPress ci permette di creare, gestire e pubblicare contenuti.<\/p><p>Quando si utilizza il nostro sito web, basato su WordPress, \u00e8 possibile che vengano raccolti e memorizzati diversi dati, tra cui l'indirizzo IP, la data e l'ora di accesso e le informazioni sul browser utilizzato. Questi dati vengono utilizzati principalmente per scopi amministrativi e per garantire il buon funzionamento del sito web.<\/p><p>Alcune funzioni di WordPress, come i moduli per i commenti o per i contatti, possono raccogliere ulteriori dati personali quando l'utente le utilizza.<\/p><p><strong>4,6 Servizi Web Amazon<\/strong><br \/>Il nostro sito web utilizza i servizi di Amazon Web Services (AWS), un fornitore di servizi cloud completo di Amazon.com, Inc. AWS offre una serie di tecnologie infrastrutturali che ci consentono di gestire il nostro sito web e i servizi correlati in modo affidabile e scalabile.<\/p><p>Quando visitate il nostro sito web o utilizzate i servizi ospitati su AWS, alcune informazioni, come il vostro indirizzo IP, i dati di utilizzo e altre informazioni rilevanti, possono essere memorizzate sui server AWS. Questi dati vengono utilizzati per garantire la funzionalit\u00e0 del sito web e per fornirci analisi e approfondimenti sull'uso dei nostri servizi.<\/p><p>Amazon tratta i dati dell'utente in base alla politica sulla privacy di AWS. Si consiglia di consultare tali politiche per ulteriori informazioni sull'utilizzo dei dati da parte di AWS.<\/p><p><strong>4.7 Firebase<\/strong><br \/>Il nostro sito web e le nostre applicazioni utilizzano Firebase, una piattaforma per sviluppatori fornita da Google LLC (1600 Amphitheatre Parkway, Mountain View, CA 94043, USA; \"Google\"). Firebase offre una serie di strumenti e servizi per lo sviluppo, la gestione e il miglioramento di applicazioni web e mobili.<\/p><p>Utilizzando Firebase, vari dati, tra cui l'indirizzo IP, le informazioni sul browser utilizzato, la data e l'ora di accesso e altri dati di interazione, possono essere trasmessi e memorizzati sui server di Google. Questi dati vengono utilizzati per consentire la funzionalit\u00e0 delle nostre applicazioni, monitorare le prestazioni, diagnosticare gli errori e migliorare l'esperienza dell'utente.<\/p><p>Alcuni dei servizi specifici di Firebase che possiamo utilizzare includono:<\/p><ul><li><strong>Database Firebase in tempo reale:<\/strong>\u00a0Un servizio di database NoSQL ospitato nel cloud.<\/li><li><strong>Firebase Analytics:<\/strong>\u00a0Uno strumento di analisi per raccogliere dati sull'uso e sul comportamento degli utenti delle app.<\/li><li><strong>Autenticazione Firebase:<\/strong>\u00a0Un servizio che fornisce funzioni di autenticazione per le nostre applicazioni.<\/li><li><strong>Firebase Cloud Messaging:<\/strong>\u00a0Un servizio per le notifiche e la messaggistica.<\/li><\/ul>\t\t\t\t\t\t<\/div>\n\t\t\t\t<\/div>\n\t\t\t\t<\/div>\n\t\t\t\t\t<\/div>\n\t\t\t\t<\/div>\n\t\t\t\t<\/div>","protected":false},"excerpt":{"rendered":"<p>Privacy Policy Last updated on: 02.10.2024 We place great importance on ensuring that the handling of personal data is transparent. This privacy policy provides information on what personal data we collect, for what purpose, and to whom we disclose it. To maintain a high level of transparency, this privacy policy [&hellip;]<\/p>","protected":false},"author":1,"featured_media":0,"parent":0,"menu_order":0,"comment_status":"closed","ping_status":"closed","template":"","meta":{"footnotes":""},"class_list":["post-3","page","type-page","status-publish","hentry"],"yoast_head":"<!-- This site is optimized with the Yoast SEO plugin v25.2 - https:\/\/yoast.com\/wordpress\/plugins\/seo\/ -->\n<title>Privacy Policy - ALPERP<\/title>\n<meta name=\"robots\" content=\"index, follow, max-snippet:-1, max-image-preview:large, max-video-preview:-1\" \/>\n<link rel=\"canonical\" href=\"https:\/\/alperp.co.uk\/it\/privacy-policy\/\" \/>\n<meta property=\"og:locale\" content=\"it_IT\" \/>\n<meta property=\"og:type\" content=\"article\" \/>\n<meta property=\"og:title\" content=\"Privacy Policy - ALPERP\" \/>\n<meta property=\"og:description\" content=\"Privacy Policy Last updated on: 02.10.2024 We place great importance on ensuring that the handling of personal data is transparent. This privacy policy provides information on what personal data we collect, for what purpose, and to whom we disclose it. To maintain a high level of transparency, this privacy policy [&hellip;]\" \/>\n<meta property=\"og:url\" content=\"https:\/\/alperp.co.uk\/it\/privacy-policy\/\" \/>\n<meta property=\"og:site_name\" content=\"ALPERP\" \/>\n<meta property=\"article:modified_time\" content=\"2024-12-05T14:54:22+00:00\" \/>\n<meta name=\"twitter:card\" content=\"summary_large_image\" \/>\n<meta name=\"twitter:label1\" content=\"Tempo di lettura stimato\" \/>\n\t<meta name=\"twitter:data1\" content=\"12 minuti\" \/>\n<script type=\"application\/ld+json\" class=\"yoast-schema-graph\">{\"@context\":\"https:\/\/schema.org\",\"@graph\":[{\"@type\":\"WebPage\",\"@id\":\"https:\/\/alperp.co.uk\/fr\/privacy-policy\/\",\"url\":\"https:\/\/alperp.co.uk\/fr\/privacy-policy\/\",\"name\":\"Privacy Policy - ALPERP\",\"isPartOf\":{\"@id\":\"http:\/\/alperp.co.uk\/fr\/#website\"},\"datePublished\":\"2024-07-24T14:55:26+00:00\",\"dateModified\":\"2024-12-05T14:54:22+00:00\",\"breadcrumb\":{\"@id\":\"https:\/\/alperp.co.uk\/fr\/privacy-policy\/#breadcrumb\"},\"inLanguage\":\"it-IT\",\"potentialAction\":[{\"@type\":\"ReadAction\",\"target\":[\"https:\/\/alperp.co.uk\/fr\/privacy-policy\/\"]}]},{\"@type\":\"BreadcrumbList\",\"@id\":\"https:\/\/alperp.co.uk\/fr\/privacy-policy\/#breadcrumb\",\"itemListElement\":[{\"@type\":\"ListItem\",\"position\":1,\"name\":\"Home\",\"item\":\"http:\/\/alperp.co.uk\/fr\/\"},{\"@type\":\"ListItem\",\"position\":2,\"name\":\"Privacy Policy\"}]},{\"@type\":\"WebSite\",\"@id\":\"http:\/\/alperp.co.uk\/fr\/#website\",\"url\":\"http:\/\/alperp.co.uk\/fr\/\",\"name\":\"ALPERP\",\"description\":\"\",\"potentialAction\":[{\"@type\":\"SearchAction\",\"target\":{\"@type\":\"EntryPoint\",\"urlTemplate\":\"http:\/\/alperp.co.uk\/fr\/?s={search_term_string}\"},\"query-input\":{\"@type\":\"PropertyValueSpecification\",\"valueRequired\":true,\"valueName\":\"search_term_string\"}}],\"inLanguage\":\"it-IT\"}]}<\/script>\n<!-- \/ Yoast SEO plugin. -->","yoast_head_json":{"title":"Privacy Policy - ALPERP","robots":{"index":"index","follow":"follow","max-snippet":"max-snippet:-1","max-image-preview":"max-image-preview:large","max-video-preview":"max-video-preview:-1"},"canonical":"https:\/\/alperp.co.uk\/it\/privacy-policy\/","og_locale":"it_IT","og_type":"article","og_title":"Privacy Policy - ALPERP","og_description":"Privacy Policy Last updated on: 02.10.2024 We place great importance on ensuring that the handling of personal data is transparent. This privacy policy provides information on what personal data we collect, for what purpose, and to whom we disclose it. To maintain a high level of transparency, this privacy policy [&hellip;]","og_url":"https:\/\/alperp.co.uk\/it\/privacy-policy\/","og_site_name":"ALPERP","article_modified_time":"2024-12-05T14:54:22+00:00","twitter_card":"summary_large_image","twitter_misc":{"Tempo di lettura stimato":"12 minuti"},"schema":{"@context":"https:\/\/schema.org","@graph":[{"@type":"WebPage","@id":"https:\/\/alperp.co.uk\/fr\/privacy-policy\/","url":"https:\/\/alperp.co.uk\/fr\/privacy-policy\/","name":"Privacy Policy - ALPERP","isPartOf":{"@id":"http:\/\/alperp.co.uk\/fr\/#website"},"datePublished":"2024-07-24T14:55:26+00:00","dateModified":"2024-12-05T14:54:22+00:00","breadcrumb":{"@id":"https:\/\/alperp.co.uk\/fr\/privacy-policy\/#breadcrumb"},"inLanguage":"it-IT","potentialAction":[{"@type":"ReadAction","target":["https:\/\/alperp.co.uk\/fr\/privacy-policy\/"]}]},{"@type":"BreadcrumbList","@id":"https:\/\/alperp.co.uk\/fr\/privacy-policy\/#breadcrumb","itemListElement":[{"@type":"ListItem","position":1,"name":"Home","item":"http:\/\/alperp.co.uk\/fr\/"},{"@type":"ListItem","position":2,"name":"Privacy Policy"}]},{"@type":"WebSite","@id":"http:\/\/alperp.co.uk\/fr\/#website","url":"http:\/\/alperp.co.uk\/fr\/","name":"ALPERP","description":"","potentialAction":[{"@type":"SearchAction","target":{"@type":"EntryPoint","urlTemplate":"http:\/\/alperp.co.uk\/fr\/?s={search_term_string}"},"query-input":{"@type":"PropertyValueSpecification","valueRequired":true,"valueName":"search_term_string"}}],"inLanguage":"it-IT"}]}},"_links":{"self":[{"href":"https:\/\/alperp.co.uk\/it\/wp-json\/wp\/v2\/pages\/3","targetHints":{"allow":["GET"]}}],"collection":[{"href":"https:\/\/alperp.co.uk\/it\/wp-json\/wp\/v2\/pages"}],"about":[{"href":"https:\/\/alperp.co.uk\/it\/wp-json\/wp\/v2\/types\/page"}],"author":[{"embeddable":true,"href":"https:\/\/alperp.co.uk\/it\/wp-json\/wp\/v2\/users\/1"}],"replies":[{"embeddable":true,"href":"https:\/\/alperp.co.uk\/it\/wp-json\/wp\/v2\/comments?post=3"}],"version-history":[{"count":15,"href":"https:\/\/alperp.co.uk\/it\/wp-json\/wp\/v2\/pages\/3\/revisions"}],"predecessor-version":[{"id":35826,"href":"https:\/\/alperp.co.uk\/it\/wp-json\/wp\/v2\/pages\/3\/revisions\/35826"}],"wp:attachment":[{"href":"https:\/\/alperp.co.uk\/it\/wp-json\/wp\/v2\/media?parent=3"}],"curies":[{"name":"wp","href":"https:\/\/api.w.org\/{rel}","templated":true}]}}