{"id":34845,"date":"2024-07-31T11:45:33","date_gmt":"2024-07-31T11:45:33","guid":{"rendered":"https:\/\/alperp.co.uk\/?page_id=34845"},"modified":"2024-12-05T14:27:09","modified_gmt":"2024-12-05T14:27:09","slug":"contact-us","status":"publish","type":"page","link":"https:\/\/alperp.co.uk\/de\/contact-us\/","title":{"rendered":"Kontaktieren Sie Uns"},"content":{"rendered":"<div data-elementor-type=\"wp-page\" data-elementor-id=\"34845\" class=\"elementor elementor-34845\">\n\t\t\t\t<div class=\"elementor-element elementor-element-8ad6c73 e-flex e-con-boxed e-con e-parent\" data-id=\"8ad6c73\" data-element_type=\"container\">\n\t\t\t\t\t<div class=\"e-con-inner\">\n\t\t\t\t<div class=\"elementor-element elementor-element-f4b1fea elementor-widget elementor-widget-text-editor\" data-id=\"f4b1fea\" data-element_type=\"widget\" data-widget_type=\"text-editor.default\">\n\t\t\t\t<div class=\"elementor-widget-container\">\n\t\t\t\t\t\t\t<p><a href=\"\/de\/\">Startseite<\/a> <img decoding=\"async\" class=\"alignnone wp-image-34364\" src=\"http:\/\/alperp.co.uk\/wp-content\/uploads\/2024\/07\/alperp-right-arrow.png\" alt=\"\" width=\"12\" height=\"12\" \/> Corporate <img decoding=\"async\" class=\"alignnone wp-image-34364\" src=\"http:\/\/alperp.co.uk\/wp-content\/uploads\/2024\/07\/alperp-right-arrow.png\" alt=\"\" width=\"12\" height=\"12\" \/> Kontaktieren Sie Uns<\/p>\t\t\t\t\t\t<\/div>\n\t\t\t\t<\/div>\n\t\t\t\t\t<\/div>\n\t\t\t\t<\/div>\n\t\t<div class=\"elementor-element elementor-element-613df7d e-flex e-con-boxed e-con e-parent\" data-id=\"613df7d\" data-element_type=\"container\" data-settings=\"{&quot;background_background&quot;:&quot;classic&quot;}\">\n\t\t\t\t\t<div class=\"e-con-inner\">\n\t\t<div class=\"elementor-element elementor-element-ed9ec6a e-flex e-con-boxed e-con e-child\" data-id=\"ed9ec6a\" data-element_type=\"container\" data-settings=\"{&quot;background_background&quot;:&quot;classic&quot;}\">\n\t\t\t\t\t<div class=\"e-con-inner\">\n\t\t<div class=\"elementor-element elementor-element-b972526 e-flex e-con-boxed e-con e-child\" data-id=\"b972526\" data-element_type=\"container\">\n\t\t\t\t\t<div class=\"e-con-inner\">\n\t\t\t\t<div class=\"elementor-element elementor-element-c92b993 elementor-widget elementor-widget-heading\" data-id=\"c92b993\" data-element_type=\"widget\" data-widget_type=\"heading.default\">\n\t\t\t\t<div class=\"elementor-widget-container\">\n\t\t\t<h1 class=\"elementor-heading-title elementor-size-default\">Kontaktieren Sie Uns<\/h1>\t\t<\/div>\n\t\t\t\t<\/div>\n\t\t\t\t\t<\/div>\n\t\t\t\t<\/div>\n\t\t\t\t\t<\/div>\n\t\t\t\t<\/div>\n\t\t<div class=\"elementor-element elementor-element-fa3ed11 e-flex e-con-boxed e-con e-child\" data-id=\"fa3ed11\" data-element_type=\"container\" data-settings=\"{&quot;background_background&quot;:&quot;classic&quot;}\">\n\t\t\t\t\t<div class=\"e-con-inner\">\n\t\t<div class=\"elementor-element elementor-element-7da8689 e-con-full e-flex e-con e-child\" data-id=\"7da8689\" data-element_type=\"container\">\n\t\t\t\t<div class=\"elementor-element elementor-element-3ad6bb7 elementor-absolute e-transform elementor-hidden-tablet elementor-hidden-mobile elementor-widget elementor-widget-image\" data-id=\"3ad6bb7\" data-element_type=\"widget\" data-settings=\"{&quot;_position&quot;:&quot;absolute&quot;,&quot;_transform_rotateZ_effect&quot;:{&quot;unit&quot;:&quot;px&quot;,&quot;size&quot;:29,&quot;sizes&quot;:[]},&quot;_transform_rotateZ_effect_tablet&quot;:{&quot;unit&quot;:&quot;deg&quot;,&quot;size&quot;:&quot;&quot;,&quot;sizes&quot;:[]},&quot;_transform_rotateZ_effect_mobile&quot;:{&quot;unit&quot;:&quot;deg&quot;,&quot;size&quot;:&quot;&quot;,&quot;sizes&quot;:[]}}\" data-widget_type=\"image.default\">\n\t\t\t\t<div class=\"elementor-widget-container\">\n\t\t\t\t\t\t\t\t\t\t\t\t\t<img decoding=\"async\" width=\"142\" height=\"142\" src=\"http:\/\/alperp.co.uk\/wp-content\/uploads\/2023\/02\/pattern-001.png\" class=\"attachment-full size-full wp-image-1232\" alt=\"\" \/>\t\t\t\t\t\t\t\t\t\t\t\t\t<\/div>\n\t\t\t\t<\/div>\n\t\t\t\t<div class=\"elementor-element elementor-element-0dbc8a9 elementor-absolute elementor-hidden-tablet elementor-hidden-mobile elementor-widget elementor-widget-image\" data-id=\"0dbc8a9\" data-element_type=\"widget\" data-settings=\"{&quot;_position&quot;:&quot;absolute&quot;}\" data-widget_type=\"image.default\">\n\t\t\t\t<div class=\"elementor-widget-container\">\n\t\t\t\t\t\t\t\t\t\t\t\t\t<img decoding=\"async\" width=\"60\" height=\"60\" src=\"http:\/\/alperp.co.uk\/wp-content\/uploads\/2023\/02\/pattern-002.png\" class=\"attachment-full size-full wp-image-1233\" alt=\"\" \/>\t\t\t\t\t\t\t\t\t\t\t\t\t<\/div>\n\t\t\t\t<\/div>\n\t\t<div class=\"elementor-element elementor-element-6f0a56b e-con-full e-flex e-con e-child\" data-id=\"6f0a56b\" data-element_type=\"container\">\n\t\t<div class=\"elementor-element elementor-element-104138e e-con-full e-flex elementor-invisible e-con e-child\" data-id=\"104138e\" data-element_type=\"container\" data-settings=\"{&quot;background_background&quot;:&quot;classic&quot;,&quot;animation&quot;:&quot;fadeInUp&quot;,&quot;animation_delay&quot;:300}\">\n\t\t\t\t<div class=\"elementor-element elementor-element-2d7222a elementor-widget elementor-widget-heading\" data-id=\"2d7222a\" data-element_type=\"widget\" data-widget_type=\"heading.default\">\n\t\t\t\t<div class=\"elementor-widget-container\">\n\t\t\t<h2 class=\"elementor-heading-title elementor-size-default\">Ihr Feedback ist f\u00fcr uns wichtig!\n\n<\/h2>\t\t<\/div>\n\t\t\t\t<\/div>\n\t\t\t\t<div class=\"elementor-element elementor-element-7edd128 elementor-widget elementor-widget-text-editor\" data-id=\"7edd128\" data-element_type=\"widget\" data-widget_type=\"text-editor.default\">\n\t\t\t\t<div class=\"elementor-widget-container\">\n\t\t\t\t\t\t\t<p>F\u00fcr Fragen, Anregungen, W\u00fcnsche und Beschwerden \u00fcber Alperp k\u00f6nnen Sie uns anrufen oder schreiben. Danke, dass Sie sich immer f\u00fcr uns entscheiden.<\/p>\t\t\t\t\t\t<\/div>\n\t\t\t\t<\/div>\n\t\t\t\t<\/div>\n\t\t\t\t<\/div>\n\t\t<div class=\"elementor-element elementor-element-7e8a645 e-con-full e-flex e-con e-child\" data-id=\"7e8a645\" data-element_type=\"container\">\n\t\t<div data-ep-wrapper-link=\"{&quot;url&quot;:&quot;tel:0779995954&quot;,&quot;is_external&quot;:&quot;&quot;,&quot;nofollow&quot;:&quot;&quot;,&quot;custom_attributes&quot;:&quot;&quot;}\" style=\"cursor: pointer\" class=\"bdt-element-link elementor-element elementor-element-f2732be e-con-full e-flex elementor-invisible e-con e-child\" data-id=\"f2732be\" data-element_type=\"container\" data-settings=\"{&quot;background_background&quot;:&quot;classic&quot;,&quot;animation&quot;:&quot;fadeInUp&quot;,&quot;animation_delay&quot;:300}\">\n\t\t\t\t<div class=\"elementor-element elementor-element-50f233b elementor-widget elementor-widget-text-editor\" data-id=\"50f233b\" data-element_type=\"widget\" data-widget_type=\"text-editor.default\">\n\t\t\t\t<div class=\"elementor-widget-container\">\n\t\t\t\t\t\t\t<p><img loading=\"lazy\" decoding=\"async\" class=\"alignnone wp-image-34242\" src=\"http:\/\/alperp.co.uk\/wp-content\/uploads\/2023\/02\/white-telephone-call.png\" alt=\"\" width=\"22\" height=\"22\" \/> Rufen Sie uns an<\/p>\t\t\t\t\t\t<\/div>\n\t\t\t\t<\/div>\n\t\t\t\t<div class=\"elementor-element elementor-element-a05e6a0 elementor-widget elementor-widget-text-editor\" data-id=\"a05e6a0\" data-element_type=\"widget\" data-widget_type=\"text-editor.default\">\n\t\t\t\t<div class=\"elementor-widget-container\">\n\t\t\t\t\t\t\t<div id=\"1722516176.541449\" class=\"c-virtual_list__item\" tabindex=\"0\" role=\"listitem\" aria-setsize=\"-1\" data-qa=\"virtual-list-item\" data-item-key=\"1722516176.541449\"><div class=\"c-message_kit__background p-message_pane_message__message c-message_kit__message\" role=\"presentation\" data-qa=\"message_container\" data-qa-unprocessed=\"false\" data-qa-placeholder=\"false\"><div class=\"c-message_kit__hover\" role=\"document\" aria-roledescription=\"message\" data-qa-hover=\"true\"><div class=\"c-message_kit__actions c-message_kit__actions--above\"><div class=\"c-message_kit__gutter\"><div class=\"c-message_kit__gutter__right\" role=\"presentation\" data-qa=\"message_content\"><div class=\"c-message_kit__blocks c-message_kit__blocks--rich_text\"><div class=\"c-message__message_blocks c-message__message_blocks--rich_text\" data-qa=\"message-text\"><div class=\"p-block_kit_renderer\" data-qa=\"block-kit-renderer\"><div class=\"p-block_kit_renderer__block_wrapper p-block_kit_renderer__block_wrapper--first\"><div class=\"p-rich_text_block\" dir=\"auto\"><div class=\"p-rich_text_section\">0 77 475 43 558<\/div><\/div><\/div><\/div><\/div><\/div><\/div><\/div><\/div><\/div><\/div><\/div><div id=\"unreadDivider\" class=\"c-virtual_list__item\" tabindex=\"-1\" role=\"listitem\" aria-roledescription=\"separator\" aria-label=\"Beginn der ungelesenen Nachrichten.\" aria-setsize=\"-1\" data-qa=\"virtual-list-item\" data-item-key=\"unreadDivider\">\u00a0<\/div>\t\t\t\t\t\t<\/div>\n\t\t\t\t<\/div>\n\t\t\t\t<\/div>\n\t\t<div data-ep-wrapper-link=\"{&quot;url&quot;:&quot;mailto:info@alperp.co.uk&quot;,&quot;is_external&quot;:&quot;&quot;,&quot;nofollow&quot;:&quot;&quot;,&quot;custom_attributes&quot;:&quot;&quot;}\" style=\"cursor: pointer\" class=\"bdt-element-link elementor-element elementor-element-6173052 e-con-full e-flex elementor-invisible e-con e-child\" data-id=\"6173052\" data-element_type=\"container\" data-settings=\"{&quot;background_background&quot;:&quot;classic&quot;,&quot;animation&quot;:&quot;fadeInUp&quot;,&quot;animation_delay&quot;:300}\">\n\t\t\t\t<div class=\"elementor-element elementor-element-aaacc2d elementor-widget elementor-widget-text-editor\" data-id=\"aaacc2d\" data-element_type=\"widget\" data-widget_type=\"text-editor.default\">\n\t\t\t\t<div class=\"elementor-widget-container\">\n\t\t\t\t\t\t\t<p><img loading=\"lazy\" decoding=\"async\" class=\"alignnone size-full wp-image-2177\" src=\"http:\/\/alperp.co.uk\/wp-content\/uploads\/2023\/03\/svg-0003.svg\" alt=\"\" width=\"22\" height=\"15\" \/> Schreiben Sie uns<\/p>\t\t\t\t\t\t<\/div>\n\t\t\t\t<\/div>\n\t\t\t\t<div class=\"elementor-element elementor-element-0957df8 elementor-widget elementor-widget-text-editor\" data-id=\"0957df8\" data-element_type=\"widget\" data-widget_type=\"text-editor.default\">\n\t\t\t\t<div class=\"elementor-widget-container\">\n\t\t\t\t\t\t\t<p>\u00a0info@alperp.ch<\/p>\t\t\t\t\t\t<\/div>\n\t\t\t\t<\/div>\n\t\t\t\t<\/div>\n\t\t\t\t<\/div>\n\t\t<div class=\"elementor-element elementor-element-d4c5ece e-con-full e-flex e-con e-child\" data-id=\"d4c5ece\" data-element_type=\"container\">\n\t\t<div class=\"elementor-element elementor-element-cd28982 e-con-full e-flex elementor-invisible e-con e-child\" data-id=\"cd28982\" data-element_type=\"container\" data-settings=\"{&quot;background_background&quot;:&quot;classic&quot;,&quot;animation&quot;:&quot;fadeInUp&quot;,&quot;animation_delay&quot;:300}\">\n\t\t\t\t<div class=\"elementor-element elementor-element-3b954c4 elementor-widget elementor-widget-text-editor\" data-id=\"3b954c4\" data-element_type=\"widget\" data-widget_type=\"text-editor.default\">\n\t\t\t\t<div class=\"elementor-widget-container\">\n\t\t\t\t\t\t\t<p><img loading=\"lazy\" decoding=\"async\" class=\"alignnone size-full wp-image-2176\" src=\"http:\/\/alperp.co.uk\/wp-content\/uploads\/2023\/03\/svg-0001.svg\" alt=\"\" width=\"17\" height=\"25\" \/> <strong>Standort<\/strong><\/p>\t\t\t\t\t\t<\/div>\n\t\t\t\t<\/div>\n\t\t\t\t<div class=\"elementor-element elementor-element-e2c8fa2 elementor-widget elementor-widget-text-editor\" data-id=\"e2c8fa2\" data-element_type=\"widget\" data-widget_type=\"text-editor.default\">\n\t\t\t\t<div class=\"elementor-widget-container\">\n\t\t\t\t\t\t\t<div id=\"1722516613.363859\" class=\"c-virtual_list__item\" tabindex=\"0\" role=\"listitem\" aria-setsize=\"-1\" data-qa=\"virtual-list-item\" data-item-key=\"1722516613.363859\"><div class=\"c-message_kit__background p-message_pane_message__message c-message_kit__message\" role=\"presentation\" data-qa=\"message_container\" data-qa-unprocessed=\"false\" data-qa-placeholder=\"false\"><div class=\"c-message_kit__hover\" role=\"document\" aria-roledescription=\"message\" data-qa-hover=\"true\"><div class=\"c-message_kit__actions c-message_kit__actions--default\"><div class=\"c-message_kit__gutter\"><div class=\"c-message_kit__gutter__right\" role=\"presentation\" data-qa=\"message_content\"><div class=\"c-message_kit__blocks c-message_kit__blocks--rich_text\"><div class=\"c-message__message_blocks c-message__message_blocks--rich_text\" data-qa=\"message-text\"><div class=\"p-block_kit_renderer\" data-qa=\"block-kit-renderer\"><div class=\"p-block_kit_renderer__block_wrapper p-block_kit_renderer__block_wrapper--first\"><div class=\"p-rich_text_block\" dir=\"auto\"><div class=\"p-rich_text_section\">32-33 Upper Street,London, England,N1 0PN<\/div><\/div><\/div><\/div><\/div><\/div><\/div><\/div><\/div><\/div><\/div><\/div>\t\t\t\t\t\t<\/div>\n\t\t\t\t<\/div>\n\t\t\t\t<\/div>\n\t\t\t\t<\/div>\n\t\t\t\t<\/div>\n\t\t<div class=\"elementor-element elementor-element-e7e81a7 e-flex e-con-boxed e-con e-child\" data-id=\"e7e81a7\" data-element_type=\"container\" data-settings=\"{&quot;background_background&quot;:&quot;classic&quot;}\">\n\t\t\t\t\t<div class=\"e-con-inner\">\n\t\t\t\t<div class=\"elementor-element elementor-element-fa77295 elementor-widget elementor-widget-heading\" data-id=\"fa77295\" data-element_type=\"widget\" data-widget_type=\"heading.default\">\n\t\t\t\t<div class=\"elementor-widget-container\">\n\t\t\t<h2 class=\"elementor-heading-title elementor-size-default\">Free Trial Form<\/h2>\t\t<\/div>\n\t\t\t\t<\/div>\n\t\t\t\t<div class=\"elementor-element elementor-element-fd67a80 elementor-widget elementor-widget-bdt-contact-form-7\" data-id=\"fd67a80\" data-element_type=\"widget\" data-widget_type=\"bdt-contact-form-7.default\">\n\t\t\t\t<div class=\"elementor-widget-container\">\n\t\t\t\n<div class=\"wpcf7 no-js\" id=\"wpcf7-f2155-o1\" lang=\"en-US\" dir=\"ltr\">\n<div class=\"screen-reader-response\"><p role=\"status\" aria-live=\"polite\" aria-atomic=\"true\"><\/p> <ul><\/ul><\/div>\n<form action=\"\/de\/wp-json\/wp\/v2\/pages\/34845#wpcf7-f2155-o1\" method=\"post\" class=\"wpcf7-form init\" aria-label=\"Kontakt-Formular\" novalidate=\"novalidate\" data-status=\"init\" data-trp-original-action=\"\/de\/wp-json\/wp\/v2\/pages\/34845#wpcf7-f2155-o1\">\n<div style=\"display: none;\">\n<input type=\"hidden\" name=\"_wpcf7\" value=\"2155\" \/>\n<input type=\"hidden\" name=\"_wpcf7_version\" value=\"5.9.8\" \/>\n<input type=\"hidden\" name=\"_wpcf7_locale\" value=\"en_US\" \/>\n<input type=\"hidden\" name=\"_wpcf7_unit_tag\" value=\"wpcf7-f2155-o1\" \/>\n<input type=\"hidden\" name=\"_wpcf7_container_post\" value=\"0\" \/>\n<input type=\"hidden\" name=\"_wpcf7_posted_data_hash\" value=\"\" \/>\n<\/div>\n<p><span class=\"wpcf7-form-control-wrap\" data-name=\"your-name\"><input size=\"40\" maxlength=\"400\" class=\"wpcf7-form-control wpcf7-text wpcf7-validates-as-required\" autocomplete=\"name\" aria-required=\"true\" aria-invalid=\"false\" placeholder=\"First Name Last Name\" value=\"\" type=\"text\" name=\"your-name\" \/><\/span><br \/>\n<span class=\"wpcf7-form-control-wrap\" data-name=\"tel-87\"><input size=\"40\" maxlength=\"400\" class=\"wpcf7-form-control wpcf7-tel wpcf7-validates-as-required wpcf7-text wpcf7-validates-as-tel\" id=\"form-tel\" autocomplete=\"tel\" aria-required=\"true\" aria-invalid=\"false\" placeholder=\"Rufnummer\" value=\"\" type=\"tel\" name=\"tel-87\" \/><\/span><br \/>\n<span class=\"wpcf7-form-control-wrap\" data-name=\"your-email\"><input size=\"40\" maxlength=\"400\" class=\"wpcf7-form-control wpcf7-email wpcf7-validates-as-required wpcf7-text wpcf7-validates-as-email\" autocomplete=\"email\" aria-required=\"true\" aria-invalid=\"false\" placeholder=\"Deine E-Mail\" value=\"\" type=\"email\" name=\"your-email\" \/><\/span><br \/>\n<span class=\"wpcf7-form-control-wrap\" data-name=\"text-79\"><input size=\"40\" maxlength=\"400\" class=\"wpcf7-form-control wpcf7-text wpcf7-validates-as-required\" autocomplete=\"name\" aria-required=\"true\" aria-invalid=\"false\" placeholder=\"Name des Unternehmens\" value=\"\" type=\"text\" name=\"text-79\" \/><\/span><br \/>\n<span class=\"wpcf7-form-control-wrap\" data-name=\"your-message\"><textarea cols=\"40\" rows=\"10\" maxlength=\"2000\" class=\"wpcf7-form-control wpcf7-textarea wpcf7-validates-as-required\" aria-required=\"true\" aria-invalid=\"false\" placeholder=\"Ihre Nachricht\" name=\"your-message\"><\/textarea><\/span>\n<\/p>\n<p><input class=\"wpcf7-form-control wpcf7-submit has-spinner\" id=\"form-submit\" type=\"submit\" value=\"Einreichen\" \/>\n<\/p><input type='hidden' class='wpcf7-pum' value='{\"closepopup\":false,\"closedelay\":0,\"openpopup\":false,\"openpopup_id\":34898}' \/><div class=\"wpcf7-response-output\" aria-hidden=\"true\"><\/div>\n<input type=\"hidden\" name=\"trp-form-language\" value=\"de\"\/><\/form>\n<\/div>\n\t\t<\/div>\n\t\t\t\t<\/div>\n\t\t\t\t\t<\/div>\n\t\t\t\t<\/div>\n\t\t\t\t\t<\/div>\n\t\t\t\t<\/div>\n\t\t\t\t\t<\/div>\n\t\t\t\t<\/div>\n\t\t\t\t<\/div>","protected":false},"excerpt":{"rendered":"<p>Home Corporate Contact Us Contact Us Your Feedback Is Important to Us! For questions, suggestions, requests, and complaints about Alperp, you can call or write to us. Thank you for always choosing us. Call Us 0 77 475 43 558\u00a0 Write Us \u00a0info@alperp.co.uk Location 32-33 Upper Street,London, England,N1 0PN Free [&hellip;]<\/p>","protected":false},"author":1,"featured_media":0,"parent":0,"menu_order":0,"comment_status":"closed","ping_status":"closed","template":"","meta":{"footnotes":""},"class_list":["post-34845","page","type-page","status-publish","hentry"],"yoast_head":"<!-- This site is optimized with the Yoast SEO plugin v25.2 - https:\/\/yoast.com\/wordpress\/plugins\/seo\/ -->\n<title>Contact Us - ALPERP<\/title>\n<meta name=\"robots\" content=\"index, follow, max-snippet:-1, max-image-preview:large, max-video-preview:-1\" \/>\n<link rel=\"canonical\" href=\"https:\/\/alperp.co.uk\/de\/contact-us\/\" \/>\n<meta property=\"og:locale\" content=\"de_DE\" \/>\n<meta property=\"og:type\" content=\"article\" \/>\n<meta property=\"og:title\" content=\"Contact Us - ALPERP\" \/>\n<meta property=\"og:description\" content=\"Home Corporate Contact Us Contact Us Your Feedback Is Important to Us! For questions, suggestions, requests, and complaints about Alperp, you can call or write to us. Thank you for always choosing us. Call Us 0 77 475 43 558\u00a0 Write Us \u00a0info@alperp.co.uk Location 32-33 Upper Street,London, England,N1 0PN Free [&hellip;]\" \/>\n<meta property=\"og:url\" content=\"https:\/\/alperp.co.uk\/de\/contact-us\/\" \/>\n<meta property=\"og:site_name\" content=\"ALPERP\" \/>\n<meta property=\"article:modified_time\" content=\"2024-12-05T14:27:09+00:00\" \/>\n<meta property=\"og:image\" content=\"http:\/\/alperp.co.uk\/wp-content\/uploads\/2024\/07\/alperp-right-arrow.png\" \/>\n<meta name=\"twitter:card\" content=\"summary_large_image\" \/>\n<script type=\"application\/ld+json\" class=\"yoast-schema-graph\">{\"@context\":\"https:\/\/schema.org\",\"@graph\":[{\"@type\":\"WebPage\",\"@id\":\"https:\/\/alperp.co.uk\/fr\/contact-us\/\",\"url\":\"https:\/\/alperp.co.uk\/fr\/contact-us\/\",\"name\":\"Contact Us - ALPERP\",\"isPartOf\":{\"@id\":\"http:\/\/alperp.co.uk\/fr\/#website\"},\"primaryImageOfPage\":{\"@id\":\"https:\/\/alperp.co.uk\/fr\/contact-us\/#primaryimage\"},\"image\":{\"@id\":\"https:\/\/alperp.co.uk\/fr\/contact-us\/#primaryimage\"},\"thumbnailUrl\":\"http:\/\/alperp.co.uk\/wp-content\/uploads\/2024\/07\/alperp-right-arrow.png\",\"datePublished\":\"2024-07-31T11:45:33+00:00\",\"dateModified\":\"2024-12-05T14:27:09+00:00\",\"breadcrumb\":{\"@id\":\"https:\/\/alperp.co.uk\/fr\/contact-us\/#breadcrumb\"},\"inLanguage\":\"de\",\"potentialAction\":[{\"@type\":\"ReadAction\",\"target\":[\"https:\/\/alperp.co.uk\/fr\/contact-us\/\"]}]},{\"@type\":\"ImageObject\",\"inLanguage\":\"de\",\"@id\":\"https:\/\/alperp.co.uk\/fr\/contact-us\/#primaryimage\",\"url\":\"http:\/\/alperp.co.uk\/wp-content\/uploads\/2024\/07\/alperp-right-arrow.png\",\"contentUrl\":\"http:\/\/alperp.co.uk\/wp-content\/uploads\/2024\/07\/alperp-right-arrow.png\"},{\"@type\":\"BreadcrumbList\",\"@id\":\"https:\/\/alperp.co.uk\/fr\/contact-us\/#breadcrumb\",\"itemListElement\":[{\"@type\":\"ListItem\",\"position\":1,\"name\":\"Home\",\"item\":\"http:\/\/alperp.co.uk\/fr\/\"},{\"@type\":\"ListItem\",\"position\":2,\"name\":\"Contact Us\"}]},{\"@type\":\"WebSite\",\"@id\":\"http:\/\/alperp.co.uk\/fr\/#website\",\"url\":\"http:\/\/alperp.co.uk\/fr\/\",\"name\":\"ALPERP\",\"description\":\"\",\"potentialAction\":[{\"@type\":\"SearchAction\",\"target\":{\"@type\":\"EntryPoint\",\"urlTemplate\":\"http:\/\/alperp.co.uk\/fr\/?s={search_term_string}\"},\"query-input\":{\"@type\":\"PropertyValueSpecification\",\"valueRequired\":true,\"valueName\":\"search_term_string\"}}],\"inLanguage\":\"de\"}]}<\/script>\n<!-- \/ Yoast SEO plugin. -->","yoast_head_json":{"title":"Contact Us - ALPERP","robots":{"index":"index","follow":"follow","max-snippet":"max-snippet:-1","max-image-preview":"max-image-preview:large","max-video-preview":"max-video-preview:-1"},"canonical":"https:\/\/alperp.co.uk\/de\/contact-us\/","og_locale":"de_DE","og_type":"article","og_title":"Contact Us - ALPERP","og_description":"Home Corporate Contact Us Contact Us Your Feedback Is Important to Us! For questions, suggestions, requests, and complaints about Alperp, you can call or write to us. Thank you for always choosing us. Call Us 0 77 475 43 558\u00a0 Write Us \u00a0info@alperp.co.uk Location 32-33 Upper Street,London, England,N1 0PN Free [&hellip;]","og_url":"https:\/\/alperp.co.uk\/de\/contact-us\/","og_site_name":"ALPERP","article_modified_time":"2024-12-05T14:27:09+00:00","og_image":[{"url":"http:\/\/alperp.co.uk\/wp-content\/uploads\/2024\/07\/alperp-right-arrow.png","type":"","width":"","height":""}],"twitter_card":"summary_large_image","schema":{"@context":"https:\/\/schema.org","@graph":[{"@type":"WebPage","@id":"https:\/\/alperp.co.uk\/fr\/contact-us\/","url":"https:\/\/alperp.co.uk\/fr\/contact-us\/","name":"Contact Us - ALPERP","isPartOf":{"@id":"http:\/\/alperp.co.uk\/fr\/#website"},"primaryImageOfPage":{"@id":"https:\/\/alperp.co.uk\/fr\/contact-us\/#primaryimage"},"image":{"@id":"https:\/\/alperp.co.uk\/fr\/contact-us\/#primaryimage"},"thumbnailUrl":"http:\/\/alperp.co.uk\/wp-content\/uploads\/2024\/07\/alperp-right-arrow.png","datePublished":"2024-07-31T11:45:33+00:00","dateModified":"2024-12-05T14:27:09+00:00","breadcrumb":{"@id":"https:\/\/alperp.co.uk\/fr\/contact-us\/#breadcrumb"},"inLanguage":"de","potentialAction":[{"@type":"ReadAction","target":["https:\/\/alperp.co.uk\/fr\/contact-us\/"]}]},{"@type":"ImageObject","inLanguage":"de","@id":"https:\/\/alperp.co.uk\/fr\/contact-us\/#primaryimage","url":"http:\/\/alperp.co.uk\/wp-content\/uploads\/2024\/07\/alperp-right-arrow.png","contentUrl":"http:\/\/alperp.co.uk\/wp-content\/uploads\/2024\/07\/alperp-right-arrow.png"},{"@type":"BreadcrumbList","@id":"https:\/\/alperp.co.uk\/fr\/contact-us\/#breadcrumb","itemListElement":[{"@type":"ListItem","position":1,"name":"Home","item":"http:\/\/alperp.co.uk\/fr\/"},{"@type":"ListItem","position":2,"name":"Contact Us"}]},{"@type":"WebSite","@id":"http:\/\/alperp.co.uk\/fr\/#website","url":"http:\/\/alperp.co.uk\/fr\/","name":"ALPERP","description":"","potentialAction":[{"@type":"SearchAction","target":{"@type":"EntryPoint","urlTemplate":"http:\/\/alperp.co.uk\/fr\/?s={search_term_string}"},"query-input":{"@type":"PropertyValueSpecification","valueRequired":true,"valueName":"search_term_string"}}],"inLanguage":"de"}]}},"_links":{"self":[{"href":"https:\/\/alperp.co.uk\/de\/wp-json\/wp\/v2\/pages\/34845","targetHints":{"allow":["GET"]}}],"collection":[{"href":"https:\/\/alperp.co.uk\/de\/wp-json\/wp\/v2\/pages"}],"about":[{"href":"https:\/\/alperp.co.uk\/de\/wp-json\/wp\/v2\/types\/page"}],"author":[{"embeddable":true,"href":"https:\/\/alperp.co.uk\/de\/wp-json\/wp\/v2\/users\/1"}],"replies":[{"embeddable":true,"href":"https:\/\/alperp.co.uk\/de\/wp-json\/wp\/v2\/comments?post=34845"}],"version-history":[{"count":9,"href":"https:\/\/alperp.co.uk\/de\/wp-json\/wp\/v2\/pages\/34845\/revisions"}],"predecessor-version":[{"id":35823,"href":"https:\/\/alperp.co.uk\/de\/wp-json\/wp\/v2\/pages\/34845\/revisions\/35823"}],"wp:attachment":[{"href":"https:\/\/alperp.co.uk\/de\/wp-json\/wp\/v2\/media?parent=34845"}],"curies":[{"name":"wp","href":"https:\/\/api.w.org\/{rel}","templated":true}]}}