{"id":34792,"date":"2024-07-31T10:26:53","date_gmt":"2024-07-31T10:26:53","guid":{"rendered":"https:\/\/alperp.co.uk\/?page_id=34792"},"modified":"2024-09-09T11:33:51","modified_gmt":"2024-09-09T11:33:51","slug":"about-us","status":"publish","type":"page","link":"https:\/\/alperp.co.uk\/de\/about-us\/","title":{"rendered":"\u00dcber Uns"},"content":{"rendered":"<div data-elementor-type=\"wp-page\" data-elementor-id=\"34792\" class=\"elementor elementor-34792\">\n\t\t\t\t<div class=\"elementor-element elementor-element-45b2781 e-flex e-con-boxed e-con e-parent\" data-id=\"45b2781\" data-element_type=\"container\">\n\t\t\t\t\t<div class=\"e-con-inner\">\n\t\t\t\t<div class=\"elementor-element elementor-element-13a4968 elementor-widget elementor-widget-text-editor\" data-id=\"13a4968\" data-element_type=\"widget\" data-widget_type=\"text-editor.default\">\n\t\t\t\t<div class=\"elementor-widget-container\">\n\t\t\t\t\t\t\t<p><a href=\"\/de\/\">Startseite<\/a> <img decoding=\"async\" class=\"alignnone wp-image-34364\" src=\"http:\/\/alperp.co.uk\/wp-content\/uploads\/2024\/07\/alperp-right-arrow.png\" alt=\"\" width=\"12\" height=\"12\" \/> Corporate <img decoding=\"async\" class=\"alignnone wp-image-34364\" src=\"http:\/\/alperp.co.uk\/wp-content\/uploads\/2024\/07\/alperp-right-arrow.png\" alt=\"\" width=\"12\" height=\"12\" \/> \u00dcber Uns<\/p>\t\t\t\t\t\t<\/div>\n\t\t\t\t<\/div>\n\t\t\t\t\t<\/div>\n\t\t\t\t<\/div>\n\t\t<div class=\"elementor-element elementor-element-d85b225 e-con-full e-flex e-con e-parent\" data-id=\"d85b225\" data-element_type=\"container\" data-settings=\"{&quot;background_background&quot;:&quot;classic&quot;}\">\n\t\t<div class=\"elementor-element elementor-element-19427c5 e-flex e-con-boxed e-con e-child\" data-id=\"19427c5\" data-element_type=\"container\">\n\t\t\t\t\t<div class=\"e-con-inner\">\n\t\t\t\t<div class=\"elementor-element elementor-element-f5fee94 elementor-widget elementor-widget-heading\" data-id=\"f5fee94\" data-element_type=\"widget\" data-widget_type=\"heading.default\">\n\t\t\t\t<div class=\"elementor-widget-container\">\n\t\t\t<h1 class=\"elementor-heading-title elementor-size-default\">\u00dcber Uns<\/h1>\t\t<\/div>\n\t\t\t\t<\/div>\n\t\t\t\t\t<\/div>\n\t\t\t\t<\/div>\n\t\t<div class=\"elementor-element elementor-element-5d13798 e-flex e-con-boxed e-con e-child\" data-id=\"5d13798\" data-element_type=\"container\">\n\t\t\t\t\t<div class=\"e-con-inner\">\n\t\t<div class=\"elementor-element elementor-element-fd2911c e-con-full e-flex e-con e-child\" data-id=\"fd2911c\" data-element_type=\"container\">\n\t\t\t\t<div class=\"elementor-element elementor-element-9377207 elementor-absolute elementor-hidden-tablet elementor-hidden-mobile elementor-widget elementor-widget-image\" data-id=\"9377207\" data-element_type=\"widget\" data-settings=\"{&quot;_position&quot;:&quot;absolute&quot;}\" data-widget_type=\"image.default\">\n\t\t\t\t<div class=\"elementor-widget-container\">\n\t\t\t\t\t\t\t\t\t\t\t\t\t<img decoding=\"async\" width=\"15\" height=\"15\" src=\"http:\/\/alperp.co.uk\/wp-content\/uploads\/2023\/02\/agency-section-02.png\" class=\"attachment-full size-full wp-image-1117\" alt=\"\" \/>\t\t\t\t\t\t\t\t\t\t\t\t\t<\/div>\n\t\t\t\t<\/div>\n\t\t\t\t<div class=\"elementor-element elementor-element-c37bf3c elementor-widget elementor-widget-text-editor\" data-id=\"c37bf3c\" data-element_type=\"widget\" data-widget_type=\"text-editor.default\">\n\t\t\t\t<div class=\"elementor-widget-container\">\n\t\t\t\t\t\t\t<p>Auf der Grundlage der Bed\u00fcrfnisse von KMUs haben wir das Alperp Business Software Project entworfen, entwickelt und auf den Markt gebracht, das die neueste Technologie, das Cloud Computing, f\u00fcr KMUs nutzt.<\/p><p>Durch die Nutzung einer webbasierten Infrastruktur erm\u00f6glichten wir es Ihnen, Ihre gesch\u00e4ftlichen Aktivit\u00e4ten ungehindert durchzuf\u00fchren, ohne dass Sie Software auf Ihren Computer herunterladen oder veraltete Systeme wie Remote-Desktop verwenden m\u00fcssen. Unser prim\u00e4res Ziel war es, Zeitverluste zu vermeiden, indem wir den sofortigen Zugriff auf Alperp von Tablets, Smartphones und von \u00fcberall aus erm\u00f6glichen.<\/p><p>Unser gr\u00f6\u00dfter Wunsch war es, mit Alperp Ihren Arbeitsaufwand zu reduzieren, die Papierflut zu beseitigen und die vollst\u00e4ndige Digitalisierung zu erm\u00f6glichen. Wir haben die fehlenden Funktionen der bestehenden Unternehmenssoftware in Alperp integriert. Wir haben alle Bildschirme von Alperp so gestaltet, dass sie einfach und leicht zu bedienen sind, um die Benutzerfreundlichkeit zu gew\u00e4hrleisten.<\/p><p>Unsere Hauptaufgabe war es, auf die Bed\u00fcrfnisse unserer Kunden einzugehen und gleichzeitig einen Service von h\u00f6chster Qualit\u00e4t zu bieten, und wir glauben, dass uns dies gelungen ist.<\/p>\t\t\t\t\t\t<\/div>\n\t\t\t\t<\/div>\n\t\t<div class=\"elementor-element elementor-element-ca63397 e-flex e-con-boxed e-con e-child\" data-id=\"ca63397\" data-element_type=\"container\">\n\t\t\t\t\t<div class=\"e-con-inner\">\n\t\t<div class=\"elementor-element elementor-element-8b3e1b0 e-flex e-con-boxed elementor-invisible e-con e-child\" data-id=\"8b3e1b0\" data-element_type=\"container\" data-settings=\"{&quot;animation&quot;:&quot;fadeInUp&quot;,&quot;animation_delay&quot;:200}\">\n\t\t\t\t\t<div class=\"e-con-inner\">\n\t\t\t\t<div class=\"elementor-element elementor-element-0fccb69 elementor-view-stacked elementor-shape-circle elementor-widget elementor-widget-icon\" data-id=\"0fccb69\" data-element_type=\"widget\" data-widget_type=\"icon.default\">\n\t\t\t\t<div class=\"elementor-widget-container\">\n\t\t\t\t\t<div class=\"elementor-icon-wrapper\">\n\t\t\t<div class=\"elementor-icon\">\n\t\t\t<svg aria-hidden=\"true\" class=\"e-font-icon-svg e-fas-handshake\" viewbox=\"0 0 640 512\" xmlns=\"http:\/\/www.w3.org\/2000\/svg\"><path d=\"M434.7 64h-85.9c-8 0-15.7 3-21.6 8.4l-98.3 90c-.1.1-.2.3-.3.4-16.6 15.6-16.3 40.5-2.1 56 12.7 13.9 39.4 17.6 56.1 2.7.1-.1.3-.1.4-.2l79.9-73.2c6.5-5.9 16.7-5.5 22.6 1 6 6.5 5.5 16.6-1 22.6l-26.1 23.9L504 313.8c2.9 2.4 5.5 5 7.9 7.7V128l-54.6-54.6c-5.9-6-14.1-9.4-22.6-9.4zM544 128.2v223.9c0 17.7 14.3 32 32 32h64V128.2h-96zm48 223.9c-8.8 0-16-7.2-16-16s7.2-16 16-16 16 7.2 16 16-7.2 16-16 16zM0 384h64c17.7 0 32-14.3 32-32V128.2H0V384zm48-63.9c8.8 0 16 7.2 16 16s-7.2 16-16 16-16-7.2-16-16c0-8.9 7.2-16 16-16zm435.9 18.6L334.6 217.5l-30 27.5c-29.7 27.1-75.2 24.5-101.7-4.4-26.9-29.4-24.8-74.9 4.4-101.7L289.1 64h-83.8c-8.5 0-16.6 3.4-22.6 9.4L128 128v223.9h18.3l90.5 81.9c27.4 22.3 67.7 18.1 90-9.3l.2-.2 17.9 15.5c15.9 13 39.4 10.5 52.3-5.4l31.4-38.6 5.4 4.4c13.7 11.1 33.9 9.1 45-4.7l9.5-11.7c11.2-13.8 9.1-33.9-4.6-45.1z\"><\/path><\/svg>\t\t\t<\/div>\n\t\t<\/div>\n\t\t\t\t<\/div>\n\t\t\t\t<\/div>\n\t\t\t\t<div class=\"elementor-element elementor-element-d683e0a elementor-widget elementor-widget-heading\" data-id=\"d683e0a\" data-element_type=\"widget\" data-widget_type=\"heading.default\">\n\t\t\t\t<div class=\"elementor-widget-container\">\n\t\t\t<h3 class=\"elementor-heading-title elementor-size-default\">Vielen Dank f\u00fcr <br>immer f\u00fcr uns entscheiden.\n\n<\/h3>\t\t<\/div>\n\t\t\t\t<\/div>\n\t\t\t\t\t<\/div>\n\t\t\t\t<\/div>\n\t\t<div class=\"elementor-element elementor-element-f439c09 e-flex e-con-boxed elementor-invisible e-con e-child\" data-id=\"f439c09\" data-element_type=\"container\" data-settings=\"{&quot;animation&quot;:&quot;fadeInUp&quot;,&quot;animation_delay&quot;:400}\">\n\t\t\t\t\t<div class=\"e-con-inner\">\n\t\t\t\t<div class=\"elementor-element elementor-element-d7aa269 elementor-view-stacked elementor-shape-circle elementor-widget elementor-widget-icon\" data-id=\"d7aa269\" data-element_type=\"widget\" data-widget_type=\"icon.default\">\n\t\t\t\t<div class=\"elementor-widget-container\">\n\t\t\t\t\t<div class=\"elementor-icon-wrapper\">\n\t\t\t<div class=\"elementor-icon\">\n\t\t\t<svg aria-hidden=\"true\" class=\"e-font-icon-svg e-far-check-circle\" viewbox=\"0 0 512 512\" xmlns=\"http:\/\/www.w3.org\/2000\/svg\"><path d=\"M256 8C119.033 8 8 119.033 8 256s111.033 248 248 248 248-111.033 248-248S392.967 8 256 8zm0 48c110.532 0 200 89.451 200 200 0 110.532-89.451 200-200 200-110.532 0-200-89.451-200-200 0-110.532 89.451-200 200-200m140.204 130.267l-22.536-22.718c-4.667-4.705-12.265-4.736-16.97-.068L215.346 303.697l-59.792-60.277c-4.667-4.705-12.265-4.736-16.97-.069l-22.719 22.536c-4.705 4.667-4.736 12.265-.068 16.971l90.781 91.516c4.667 4.705 12.265 4.736 16.97.068l172.589-171.204c4.704-4.668 4.734-12.266.067-16.971z\"><\/path><\/svg>\t\t\t<\/div>\n\t\t<\/div>\n\t\t\t\t<\/div>\n\t\t\t\t<\/div>\n\t\t\t\t<div class=\"elementor-element elementor-element-d8cadbf elementor-widget elementor-widget-heading\" data-id=\"d8cadbf\" data-element_type=\"widget\" data-widget_type=\"heading.default\">\n\t\t\t\t<div class=\"elementor-widget-container\">\n\t\t\t<h3 class=\"elementor-heading-title elementor-size-default\">Und denken Sie daran: \"Halten Sie Ihre Konten in<br> Ordnung, bleibt auf dem rechten Weg!\"\n\n<\/h3>\t\t<\/div>\n\t\t\t\t<\/div>\n\t\t\t\t\t<\/div>\n\t\t\t\t<\/div>\n\t\t\t\t\t<\/div>\n\t\t\t\t<\/div>\n\t\t\t\t<div class=\"elementor-element elementor-element-49dfa21 elementor-absolute elementor-hidden-tablet elementor-hidden-mobile e-transform elementor-widget elementor-widget-image\" data-id=\"49dfa21\" data-element_type=\"widget\" data-settings=\"{&quot;_position&quot;:&quot;absolute&quot;,&quot;_transform_rotateZ_effect&quot;:{&quot;unit&quot;:&quot;px&quot;,&quot;size&quot;:-6,&quot;sizes&quot;:[]},&quot;_transform_rotateZ_effect_tablet&quot;:{&quot;unit&quot;:&quot;deg&quot;,&quot;size&quot;:&quot;&quot;,&quot;sizes&quot;:[]},&quot;_transform_rotateZ_effect_mobile&quot;:{&quot;unit&quot;:&quot;deg&quot;,&quot;size&quot;:&quot;&quot;,&quot;sizes&quot;:[]}}\" data-widget_type=\"image.default\">\n\t\t\t\t<div class=\"elementor-widget-container\">\n\t\t\t\t\t\t\t\t\t\t\t\t\t<img decoding=\"async\" width=\"60\" height=\"61\" src=\"http:\/\/alperp.co.uk\/wp-content\/uploads\/2023\/02\/contact-0001.png\" class=\"attachment-full size-full wp-image-1366\" alt=\"\" \/>\t\t\t\t\t\t\t\t\t\t\t\t\t<\/div>\n\t\t\t\t<\/div>\n\t\t\t\t<\/div>\n\t\t\t\t\t<\/div>\n\t\t\t\t<\/div>\n\t\t\t\t<\/div>\n\t\t\t\t<\/div>","protected":false},"excerpt":{"rendered":"<p>Home Corporate About Us About Us Based on the needs of SMEs, we designed, developed, and launched the Alperp Business Software Project using the latest technology, cloud computing, for SMEs to use. By utilizing a web-based infrastructure, we enabled you to conduct your business activities freely without the need to [&hellip;]<\/p>","protected":false},"author":1,"featured_media":0,"parent":0,"menu_order":0,"comment_status":"closed","ping_status":"closed","template":"","meta":{"footnotes":""},"class_list":["post-34792","page","type-page","status-publish","hentry"],"yoast_head":"<!-- This site is optimized with the Yoast SEO plugin v25.2 - https:\/\/yoast.com\/wordpress\/plugins\/seo\/ -->\n<title>About Us - ALPERP<\/title>\n<meta name=\"robots\" content=\"index, follow, max-snippet:-1, max-image-preview:large, max-video-preview:-1\" \/>\n<link rel=\"canonical\" href=\"https:\/\/alperp.co.uk\/de\/about-us\/\" \/>\n<meta property=\"og:locale\" content=\"de_DE\" \/>\n<meta property=\"og:type\" content=\"article\" \/>\n<meta property=\"og:title\" content=\"About Us - ALPERP\" \/>\n<meta property=\"og:description\" content=\"Home Corporate About Us About Us Based on the needs of SMEs, we designed, developed, and launched the Alperp Business Software Project using the latest technology, cloud computing, for SMEs to use. By utilizing a web-based infrastructure, we enabled you to conduct your business activities freely without the need to [&hellip;]\" \/>\n<meta property=\"og:url\" content=\"https:\/\/alperp.co.uk\/de\/about-us\/\" \/>\n<meta property=\"og:site_name\" content=\"ALPERP\" \/>\n<meta property=\"article:modified_time\" content=\"2024-09-09T11:33:51+00:00\" \/>\n<meta property=\"og:image\" content=\"http:\/\/alperp.co.uk\/wp-content\/uploads\/2024\/07\/alperp-right-arrow.png\" \/>\n<meta name=\"twitter:card\" content=\"summary_large_image\" \/>\n<meta name=\"twitter:label1\" content=\"Gesch\u00e4tzte Lesezeit\" \/>\n\t<meta name=\"twitter:data1\" content=\"1\u00a0Minute\" \/>\n<script type=\"application\/ld+json\" class=\"yoast-schema-graph\">{\"@context\":\"https:\/\/schema.org\",\"@graph\":[{\"@type\":\"WebPage\",\"@id\":\"https:\/\/alperp.co.uk\/fr\/about-us\/\",\"url\":\"https:\/\/alperp.co.uk\/fr\/about-us\/\",\"name\":\"About Us - ALPERP\",\"isPartOf\":{\"@id\":\"http:\/\/alperp.co.uk\/fr\/#website\"},\"primaryImageOfPage\":{\"@id\":\"https:\/\/alperp.co.uk\/fr\/about-us\/#primaryimage\"},\"image\":{\"@id\":\"https:\/\/alperp.co.uk\/fr\/about-us\/#primaryimage\"},\"thumbnailUrl\":\"http:\/\/alperp.co.uk\/wp-content\/uploads\/2024\/07\/alperp-right-arrow.png\",\"datePublished\":\"2024-07-31T10:26:53+00:00\",\"dateModified\":\"2024-09-09T11:33:51+00:00\",\"breadcrumb\":{\"@id\":\"https:\/\/alperp.co.uk\/fr\/about-us\/#breadcrumb\"},\"inLanguage\":\"de\",\"potentialAction\":[{\"@type\":\"ReadAction\",\"target\":[\"https:\/\/alperp.co.uk\/fr\/about-us\/\"]}]},{\"@type\":\"ImageObject\",\"inLanguage\":\"de\",\"@id\":\"https:\/\/alperp.co.uk\/fr\/about-us\/#primaryimage\",\"url\":\"http:\/\/alperp.co.uk\/wp-content\/uploads\/2024\/07\/alperp-right-arrow.png\",\"contentUrl\":\"http:\/\/alperp.co.uk\/wp-content\/uploads\/2024\/07\/alperp-right-arrow.png\"},{\"@type\":\"BreadcrumbList\",\"@id\":\"https:\/\/alperp.co.uk\/fr\/about-us\/#breadcrumb\",\"itemListElement\":[{\"@type\":\"ListItem\",\"position\":1,\"name\":\"Home\",\"item\":\"http:\/\/alperp.co.uk\/fr\/\"},{\"@type\":\"ListItem\",\"position\":2,\"name\":\"About Us\"}]},{\"@type\":\"WebSite\",\"@id\":\"http:\/\/alperp.co.uk\/fr\/#website\",\"url\":\"http:\/\/alperp.co.uk\/fr\/\",\"name\":\"ALPERP\",\"description\":\"\",\"potentialAction\":[{\"@type\":\"SearchAction\",\"target\":{\"@type\":\"EntryPoint\",\"urlTemplate\":\"http:\/\/alperp.co.uk\/fr\/?s={search_term_string}\"},\"query-input\":{\"@type\":\"PropertyValueSpecification\",\"valueRequired\":true,\"valueName\":\"search_term_string\"}}],\"inLanguage\":\"de\"}]}<\/script>\n<!-- \/ Yoast SEO plugin. -->","yoast_head_json":{"title":"About Us - ALPERP","robots":{"index":"index","follow":"follow","max-snippet":"max-snippet:-1","max-image-preview":"max-image-preview:large","max-video-preview":"max-video-preview:-1"},"canonical":"https:\/\/alperp.co.uk\/de\/about-us\/","og_locale":"de_DE","og_type":"article","og_title":"About Us - ALPERP","og_description":"Home Corporate About Us About Us Based on the needs of SMEs, we designed, developed, and launched the Alperp Business Software Project using the latest technology, cloud computing, for SMEs to use. By utilizing a web-based infrastructure, we enabled you to conduct your business activities freely without the need to [&hellip;]","og_url":"https:\/\/alperp.co.uk\/de\/about-us\/","og_site_name":"ALPERP","article_modified_time":"2024-09-09T11:33:51+00:00","og_image":[{"url":"http:\/\/alperp.co.uk\/wp-content\/uploads\/2024\/07\/alperp-right-arrow.png","type":"","width":"","height":""}],"twitter_card":"summary_large_image","twitter_misc":{"Gesch\u00e4tzte Lesezeit":"1\u00a0Minute"},"schema":{"@context":"https:\/\/schema.org","@graph":[{"@type":"WebPage","@id":"https:\/\/alperp.co.uk\/fr\/about-us\/","url":"https:\/\/alperp.co.uk\/fr\/about-us\/","name":"About Us - ALPERP","isPartOf":{"@id":"http:\/\/alperp.co.uk\/fr\/#website"},"primaryImageOfPage":{"@id":"https:\/\/alperp.co.uk\/fr\/about-us\/#primaryimage"},"image":{"@id":"https:\/\/alperp.co.uk\/fr\/about-us\/#primaryimage"},"thumbnailUrl":"http:\/\/alperp.co.uk\/wp-content\/uploads\/2024\/07\/alperp-right-arrow.png","datePublished":"2024-07-31T10:26:53+00:00","dateModified":"2024-09-09T11:33:51+00:00","breadcrumb":{"@id":"https:\/\/alperp.co.uk\/fr\/about-us\/#breadcrumb"},"inLanguage":"de","potentialAction":[{"@type":"ReadAction","target":["https:\/\/alperp.co.uk\/fr\/about-us\/"]}]},{"@type":"ImageObject","inLanguage":"de","@id":"https:\/\/alperp.co.uk\/fr\/about-us\/#primaryimage","url":"http:\/\/alperp.co.uk\/wp-content\/uploads\/2024\/07\/alperp-right-arrow.png","contentUrl":"http:\/\/alperp.co.uk\/wp-content\/uploads\/2024\/07\/alperp-right-arrow.png"},{"@type":"BreadcrumbList","@id":"https:\/\/alperp.co.uk\/fr\/about-us\/#breadcrumb","itemListElement":[{"@type":"ListItem","position":1,"name":"Home","item":"http:\/\/alperp.co.uk\/fr\/"},{"@type":"ListItem","position":2,"name":"About Us"}]},{"@type":"WebSite","@id":"http:\/\/alperp.co.uk\/fr\/#website","url":"http:\/\/alperp.co.uk\/fr\/","name":"ALPERP","description":"","potentialAction":[{"@type":"SearchAction","target":{"@type":"EntryPoint","urlTemplate":"http:\/\/alperp.co.uk\/fr\/?s={search_term_string}"},"query-input":{"@type":"PropertyValueSpecification","valueRequired":true,"valueName":"search_term_string"}}],"inLanguage":"de"}]}},"_links":{"self":[{"href":"https:\/\/alperp.co.uk\/de\/wp-json\/wp\/v2\/pages\/34792","targetHints":{"allow":["GET"]}}],"collection":[{"href":"https:\/\/alperp.co.uk\/de\/wp-json\/wp\/v2\/pages"}],"about":[{"href":"https:\/\/alperp.co.uk\/de\/wp-json\/wp\/v2\/types\/page"}],"author":[{"embeddable":true,"href":"https:\/\/alperp.co.uk\/de\/wp-json\/wp\/v2\/users\/1"}],"replies":[{"embeddable":true,"href":"https:\/\/alperp.co.uk\/de\/wp-json\/wp\/v2\/comments?post=34792"}],"version-history":[{"count":0,"href":"https:\/\/alperp.co.uk\/de\/wp-json\/wp\/v2\/pages\/34792\/revisions"}],"wp:attachment":[{"href":"https:\/\/alperp.co.uk\/de\/wp-json\/wp\/v2\/media?parent=34792"}],"curies":[{"name":"wp","href":"https:\/\/api.w.org\/{rel}","templated":true}]}}